{"id":258,"date":"2018-01-22T10:17:40","date_gmt":"2018-01-22T14:17:40","guid":{"rendered":"http:\/\/alcaldiadeboya.gob.do\/transparencia\/?page_id=258"},"modified":"2025-08-07T19:53:47","modified_gmt":"2025-08-07T23:53:47","slug":"responsable-de-acceso-a-la-informacion","status":"publish","type":"page","link":"https:\/\/ayuntamientosgb.gob.do\/transparencia\/responsable-de-acceso-a-la-informacion\/","title":{"rendered":"Responsable de Acceso a la Informaci\u00f3n"},"content":{"rendered":"\n\n<p><strong>Contacto Responsable de Acceso a la Informaci\u00f3n<\/strong><\/p>\n<table style=\"width: 79.4485%;height: 149px\">\n<tbody>\n<tr style=\"height: 20px\">\n<td style=\"width: 60.906%;height: 33px\"><img src=\"https:\/\/ayuntamientosgb.gob.do\/transparencia\/wp-content\/uploads\/2024\/06\/WhatsApp-Image-2024-06-05-at-11.53.52-AM-1.jpeg\" alt=\"La imagen tiene un atributo ALT vac\u00edo; su nombre de archivo es WhatsApp-Image-2024-06-05-at-11.53.52-AM-1.jpeg\" \/><\/td>\n<\/tr>\n<tr style=\"height: 44px\">\n<td style=\"width: 60.906%;height: 44px\"><strong>Responsable de Libre Acceso a la Informaci\u00f3n (RAI)<\/strong><\/td>\n<td style=\"width: 44.2953%;height: 44px\">ISMEL HERNANDEZ VALDEZ<\/td>\n<\/tr>\n<tr style=\"height: 24px\">\n<td style=\"width: 60.906%;height: 24px\"><strong>Tel\u00e9fono:<\/strong><\/td>\n<td style=\"width: 44.2953%;height: 24px\">8494569656<\/td>\n<\/tr>\n<tr style=\"height: 48px\">\n<td style=\"width: 60.906%;height: 48px\"><strong>Correo electr\u00f3nico:<\/strong><\/td>\n<td style=\"width: 44.2953%;height: 48px\">libreaccesosgb@gmail.com<\/td>\n<\/tr>\n<\/tbody>\n<\/table>\n\n\n<figure class=\"wp-block-gallery has-nested-images columns-default is-cropped\"><\/figure>\n","protected":false},"excerpt":{"rendered":"Contacto Responsable de Acceso a la Informaci\u00f3n Responsable de Libre Acceso a la Informaci\u00f3n (RAI) ISMEL HERNANDEZ VALDEZ Tel\u00e9fono: 8494569656 Correo electr\u00f3nico: libreaccesosgb@gmail.com","protected":false},"author":3,"featured_media":0,"parent":0,"menu_order":0,"comment_status":"closed","ping_status":"closed","template":"","meta":[],"_links":{"self":[{"href":"https:\/\/ayuntamientosgb.gob.do\/transparencia\/wp-json\/wp\/v2\/pages\/258"}],"collection":[{"href":"https:\/\/ayuntamientosgb.gob.do\/transparencia\/wp-json\/wp\/v2\/pages"}],"about":[{"href":"https:\/\/ayuntamientosgb.gob.do\/transparencia\/wp-json\/wp\/v2\/types\/page"}],"author":[{"embeddable":true,"href":"https:\/\/ayuntamientosgb.gob.do\/transparencia\/wp-json\/wp\/v2\/users\/3"}],"replies":[{"embeddable":true,"href":"https:\/\/ayuntamientosgb.gob.do\/transparencia\/wp-json\/wp\/v2\/comments?post=258"}],"version-history":[{"count":19,"href":"https:\/\/ayuntamientosgb.gob.do\/transparencia\/wp-json\/wp\/v2\/pages\/258\/revisions"}],"predecessor-version":[{"id":2839,"href":"https:\/\/ayuntamientosgb.gob.do\/transparencia\/wp-json\/wp\/v2\/pages\/258\/revisions\/2839"}],"wp:attachment":[{"href":"https:\/\/ayuntamientosgb.gob.do\/transparencia\/wp-json\/wp\/v2\/media?parent=258"}],"curies":[{"name":"wp","href":"https:\/\/api.w.org\/{rel}","templated":true}]}}